{"id":50,"date":"2007-02-02T22:39:52","date_gmt":"2007-02-02T21:39:52","guid":{"rendered":"http:\/\/ani.donmai.ch\/?page_id=50"},"modified":"2007-03-01T20:30:50","modified_gmt":"2007-03-01T19:30:50","slug":"regeln-fur-den-kommentar","status":"publish","type":"page","link":"https:\/\/ani.donmai.ch\/?page_id=50","title":{"rendered":"Regeln f\u00fcr den Kommentar"},"content":{"rendered":"<p>Ich freue mich \u00fcber jedes Feedback. Sagt mir, was ihr von meinen jeweiligen Eintr\u00e4gen haltet oder was euch sonst noch zum Thema in den Sinn kommt.<\/p>\n<p>\u00a0Damit die Funktion des Kommentars f\u00fcr mich und euch als Mitleser jedoch gew\u00e4hrleistet ist, m\u00f6chte ich an folgenden <strong>Regeln<\/strong> festhalten:<\/p>\n<p>Kommentare sollten&#8230;.<\/p>\n<ul>\n<li><strong>m\u00f6glichst <em>Sinn<\/em> machen<\/strong> (ein blosses &#8220;ROFTL&#8221; oder &#8220;deine seite rulez!&#8221; ist Spam und wird dementsprechend gel\u00f6scht)<\/li>\n<li><strong>in verst\u00e4ndlichem Hochdeutsch geschrieben sein<\/strong>. Bitte kein Kiddie-Slang, das mag ich nicht<\/li>\n<li>Keine Beleidigungen, keine Aufrufe zum Rassenhass und Dergleichen Dummheiten<\/li>\n<\/ul>\n<p>Ansonsten w\u00fcnsche ich euch noch viel Spass auf <em>The Nonbiri Times<\/em>!<\/p>\n","protected":false},"excerpt":{"rendered":"<p>Ich freue mich \u00fcber jedes Feedback. Sagt mir, was ihr von meinen jeweiligen Eintr\u00e4gen haltet oder was euch sonst noch zum Thema in den Sinn kommt. \u00a0Damit die Funktion des Kommentars f\u00fcr mich und euch als Mitleser jedoch gew\u00e4hrleistet ist, m\u00f6chte ich an folgenden Regeln festhalten: Kommentare sollten&#8230;. m\u00f6glichst Sinn machen (ein blosses &#8220;ROFTL&#8221; oder [&hellip;]<\/p>\n","protected":false},"author":1,"featured_media":0,"parent":0,"menu_order":0,"comment_status":"open","ping_status":"closed","template":"","meta":{"footnotes":""},"class_list":["post-50","page","type-page","status-publish","hentry"],"_links":{"self":[{"href":"https:\/\/ani.donmai.ch\/index.php?rest_route=\/wp\/v2\/pages\/50","targetHints":{"allow":["GET"]}}],"collection":[{"href":"https:\/\/ani.donmai.ch\/index.php?rest_route=\/wp\/v2\/pages"}],"about":[{"href":"https:\/\/ani.donmai.ch\/index.php?rest_route=\/wp\/v2\/types\/page"}],"author":[{"embeddable":true,"href":"https:\/\/ani.donmai.ch\/index.php?rest_route=\/wp\/v2\/users\/1"}],"replies":[{"embeddable":true,"href":"https:\/\/ani.donmai.ch\/index.php?rest_route=%2Fwp%2Fv2%2Fcomments&post=50"}],"version-history":[{"count":0,"href":"https:\/\/ani.donmai.ch\/index.php?rest_route=\/wp\/v2\/pages\/50\/revisions"}],"wp:attachment":[{"href":"https:\/\/ani.donmai.ch\/index.php?rest_route=%2Fwp%2Fv2%2Fmedia&parent=50"}],"curies":[{"name":"wp","href":"https:\/\/api.w.org\/{rel}","templated":true}]}}